{"id":1301,"date":"2021-10-21T08:59:12","date_gmt":"2021-10-21T08:59:12","guid":{"rendered":"https:\/\/www.efod.eu\/germania\/"},"modified":"2021-12-16T10:56:37","modified_gmt":"2021-12-16T10:56:37","slug":"germany","status":"publish","type":"page","link":"https:\/\/www.efod.eu\/en\/germany\/","title":{"rendered":"Germania"},"content":{"rendered":"\n[et_pb_section fb_built=&#8221;1&#8243; fullwidth=&#8221;on&#8221; admin_label=&#8221;Header Section&#8221; _builder_version=&#8221;4.13.0&#8243; background_image=&#8221;https:\/\/www.efod.eu\/wp-content\/uploads\/2021\/11\/bg-nazioni.jpg&#8221; parallax=&#8221;on&#8221; top_divider_style=&#8221;clouds2&#8243; top_divider_color=&#8221;rgba(255,255,255,0.6)&#8221; top_divider_height=&#8221;30%&#8221; global_colors_info=&#8221;{}&#8221;][et_pb_fullwidth_header subhead=&#8221;Germany&#8221; text_orientation=&#8221;center&#8221; _builder_version=&#8221;4.13.1&#8243; title_level=&#8221;h2&#8243; title_font=&#8221;Rubik|700||on|||||&#8221; title_text_color=&#8221;#ff7355&#8243; title_font_size=&#8221;16px&#8221; title_letter_spacing=&#8221;5px&#8221; title_line_height=&#8221;2em&#8221; content_font=&#8221;Rubik||||||||&#8221; content_font_size=&#8221;18px&#8221; content_line_height=&#8221;2em&#8221; subhead_font=&#8221;Rubik|700|||||||&#8221; subhead_text_color=&#8221;#213b7c&#8221; subhead_font_size=&#8221;50px&#8221; subhead_line_height=&#8221;1.4em&#8221; background_color=&#8221;rgba(255,250,242,0.9)&#8221; background_image=&#8221;https:\/\/www.efod.eu\/wp-content\/uploads\/2021\/10\/ING_18941_28752.png&#8221; background_size=&#8221;contain&#8221; background_position=&#8221;bottom_center&#8221; custom_button_one=&#8221;on&#8221; button_one_text_size=&#8221;16px&#8221; button_one_text_color=&#8221;#ffffff&#8221; button_one_bg_color=&#8221;#ff7355&#8243; button_one_border_width=&#8221;15px&#8221; button_one_border_color=&#8221;rgba(210,159,104,0)&#8221; button_one_border_radius=&#8221;100px&#8221; button_one_letter_spacing=&#8221;0px&#8221; button_one_font=&#8221;Rubik|700|||||||&#8221; button_one_use_icon=&#8221;off&#8221; custom_button_two=&#8221;on&#8221; button_two_text_size=&#8221;16px&#8221; button_two_text_color=&#8221;#ffffff&#8221; button_two_bg_color=&#8221;rgba(0,0,0,0.6)&#8221; button_two_border_width=&#8221;15px&#8221; button_two_border_color=&#8221;rgba(210,159,104,0)&#8221; button_two_border_radius=&#8221;100px&#8221; button_two_letter_spacing=&#8221;0px&#8221; button_two_font=&#8221;Rubik|700|||||||&#8221; button_two_use_icon=&#8221;off&#8221; background_layout=&#8221;light&#8221; custom_margin=&#8221;|||&#8221; custom_padding=&#8221;10vw||24vw|&#8221; animation_style=&#8221;slide&#8221; animation_direction=&#8221;bottom&#8221; animation_intensity_slide=&#8221;1%&#8221; content_font_size_tablet=&#8221;&#8221; content_font_size_phone=&#8221;16px&#8221; content_font_size_last_edited=&#8221;on|phone&#8221; subhead_font_size_tablet=&#8221;&#8221; subhead_font_size_phone=&#8221;30px&#8221; subhead_font_size_last_edited=&#8221;on|phone&#8221; box_shadow_style=&#8221;preset6&#8243; box_shadow_vertical=&#8221;-10px&#8221; box_shadow_color=&#8221;rgba(0,0,0,0.2)&#8221; button_one_border_radius_hover=&#8221;100px&#8221; button_two_border_radius_hover=&#8221;100px&#8221; button_one_bg_color_hover=&#8221;#ff8a70&#8243; button_two_bg_color_hover=&#8221;#ff8a70&#8243; global_colors_info=&#8221;{}&#8221; button_one_text_size__hover_enabled=&#8221;off&#8221; button_two_text_size__hover_enabled=&#8221;off&#8221; button_one_text_color__hover_enabled=&#8221;off&#8221; button_two_text_color__hover_enabled=&#8221;off&#8221; button_one_border_width__hover_enabled=&#8221;off&#8221; button_two_border_width__hover_enabled=&#8221;off&#8221; button_one_border_color__hover_enabled=&#8221;off&#8221; button_two_border_color__hover_enabled=&#8221;off&#8221; button_one_border_radius__hover_enabled=&#8221;on&#8221; button_one_border_radius__hover=&#8221;100px&#8221; button_two_border_radius__hover_enabled=&#8221;on&#8221; button_two_border_radius__hover=&#8221;100px&#8221; button_one_letter_spacing__hover_enabled=&#8221;off&#8221; button_two_letter_spacing__hover_enabled=&#8221;off&#8221; button_one_bg_color__hover_enabled=&#8221;on&#8221; button_one_bg_color__hover=&#8221;#ff8a70&#8243; button_two_bg_color__hover_enabled=&#8221;on&#8221; button_two_bg_color__hover=&#8221;#ff8a70&#8243;]<p><strong>National legislation on organ donation<\/strong><\/p>[\/et_pb_fullwidth_header][\/et_pb_section][et_pb_section fb_built=&#8221;1&#8243; _builder_version=&#8221;4.11.2&#8243; _module_preset=&#8221;default&#8221; background_enable_color=&#8221;off&#8221; use_background_color_gradient=&#8221;on&#8221; background_color_gradient_start=&#8221;#ffffff&#8221; background_color_gradient_end=&#8221;rgba(255,255,255,0.53)&#8221; background_image=&#8221;https:\/\/www.efod.eu\/wp-content\/uploads\/2021\/09\/donazione.jpg&#8221; global_colors_info=&#8221;{}&#8221;][et_pb_row _builder_version=&#8221;4.11.2&#8243; _module_preset=&#8221;default&#8221; background_enable_color=&#8221;off&#8221; use_background_color_gradient=&#8221;on&#8221; background_color_gradient_start=&#8221;rgba(255,255,255,0.9)&#8221; background_color_gradient_end=&#8221;rgba(255,255,255,0.9)&#8221; background_enable_image=&#8221;off&#8221; width=&#8221;auto&#8221; module_alignment=&#8221;center&#8221; border_radii=&#8221;off|20px|20px||&#8221; global_colors_info=&#8221;{}&#8221;][et_pb_column type=&#8221;4_4&#8243; _builder_version=&#8221;4.11.1&#8243; _module_preset=&#8221;default&#8221; global_colors_info=&#8221;{}&#8221;][et_pb_cta button_url=&#8221;#top&#8221; admin_label=&#8221;School CTA&#8221; _builder_version=&#8221;4.13.1&#8243; header_font=&#8221;Alegreya Sans|700|||||||&#8221; header_font_size=&#8221;45px&#8221; header_letter_spacing=&#8221;6px&#8221; header_line_height=&#8221;1.5em&#8221; body_font=&#8221;Rubik|300|||||||&#8221; body_line_height=&#8221;2em&#8221; use_background_color=&#8221;off&#8221; custom_button=&#8221;on&#8221; button_text_size=&#8221;16px&#8221; button_text_color=&#8221;#ffffff&#8221; button_bg_color=&#8221;rgba(0,0,0,0.6)&#8221; button_border_width=&#8221;10px&#8221; button_border_color=&#8221;rgba(65,65,144,0)&#8221; button_border_radius=&#8221;70px&#8221; button_font=&#8221;Rubik|700|||||||&#8221; button_use_icon=&#8221;off&#8221; text_orientation=&#8221;justified&#8221; background_layout=&#8221;light&#8221; max_width_last_edited=&#8221;off|desktop&#8221; custom_margin=&#8221;|20px||20px|false|false&#8221; custom_padding=&#8221;|||&#8221; header_font_size_tablet=&#8221;&#8221; header_font_size_phone=&#8221;30px&#8221; header_font_size_last_edited=&#8221;on|phone&#8221; button_text_color_hover=&#8221;#c7ccd4&#8243; button_border_radius_hover=&#8221;70px&#8221; button_bg_color_hover=&#8221;#ffffff&#8221; global_colors_info=&#8221;{}&#8221; button_text_size__hover_enabled=&#8221;off&#8221; button_one_text_size__hover_enabled=&#8221;off&#8221; button_two_text_size__hover_enabled=&#8221;off&#8221; button_text_color__hover_enabled=&#8221;on&#8221; button_text_color__hover=&#8221;#c7ccd4&#8243; button_one_text_color__hover_enabled=&#8221;off&#8221; button_two_text_color__hover_enabled=&#8221;off&#8221; button_border_width__hover_enabled=&#8221;off&#8221; button_one_border_width__hover_enabled=&#8221;off&#8221; button_two_border_width__hover_enabled=&#8221;off&#8221; button_border_color__hover_enabled=&#8221;off&#8221; button_one_border_color__hover_enabled=&#8221;off&#8221; button_two_border_color__hover_enabled=&#8221;off&#8221; button_border_radius__hover_enabled=&#8221;on&#8221; button_border_radius__hover=&#8221;70px&#8221; button_one_border_radius__hover_enabled=&#8221;off&#8221; button_two_border_radius__hover_enabled=&#8221;off&#8221; button_letter_spacing__hover_enabled=&#8221;off&#8221; button_one_letter_spacing__hover_enabled=&#8221;off&#8221; button_two_letter_spacing__hover_enabled=&#8221;off&#8221; button_bg_color__hover_enabled=&#8221;on&#8221; button_bg_color__hover=&#8221;#ffffff&#8221; button_one_bg_color__hover_enabled=&#8221;off&#8221; button_two_bg_color__hover_enabled=&#8221;off&#8221;]<h1><strong>Main law references<\/strong><\/h1>\n<p>Organ and tissue donation, is regulated and authorized by both living and deceased donors.\u202f\u202f<\/p>\n<p>The principal laws are:<\/p>\n<ul>\n<li>Gesetz \u00fcber die Spende, Entnahme und \u00dcbertragung von Organen und Geweben (Transplantationsgesetz &#8211; TPG)\u202fdel 05.11.1997<\/li>\n<li>Gesetz\u202fzur\u202fRegelung\u202fdes\u202fTransfusionswesens\u202f(Transfusionsgesetz\u202f- TFG)\u202fdel 01.07.1998<\/li>\n<li>Gesetz \u00fcber Qualit\u00e4t und Sicherheit von menschlichen Geweben und Zellen (Gewebegesetz)\u202fdel 20\/07\/2007<\/li>\n<li>Verordnung \u00fcber die Anforderungen an Qualit\u00e4t und Sicherheit der Entnahme von Geweben und deren \u00dcbertragung nach demTransplantationsgesetz (TPG-Gewebeverordnung &#8211; TPG-GewV)\u202fdel 26.03.2008<\/li>\n<li>Verordnung \u00fcber die Anforderungen an die Organ- und Spendercharakterisierung und an den Transport von Organen sowie \u00fcber die Anforderungen an die Meldung schwerwiegender Zwischenf\u00e4lle und schwerwiegender unerw\u00fcnschter Reaktionen (TPG-Verordnung \u00fcber Qualit\u00e4t und Sicherheit von Organen &#8211; TPGOrganV)\u202fdel 11\/02\/2013<\/li>\n<\/ul>\n<p>Consent or dissent to donation and donor organs.\u202fAlthough there has been a proposal for a law stating that &#8216;everyone is a donor, unless he or she declares otherwise&#8217;,\u202fcurrently\u202fonly those who openly declare their consent to donate and\/or have a card certifying their willingness to do so can proceed with donation.<\/p>\n<h1><strong>Expression of consent or dissent to the donation and organs that can be donated<\/strong><\/h1>\n<p>Consent to donation can be demonstrated from the age of 16 and refusal from the age of 14, without the need for parental authorisation.\u202fYou can change your mind at any time by updating your card.\u202fAn alternative to the card is to include your decision on organ removal in your living will. In Germany, any\u202fadult person\u202fcan draw up a living will, which must be written and signed by hand or validated by a notary.<\/p>\n<p>Currently,\u202fthere\u202fisn&#8217;t a\u202fcentral body that lists donors, but those who are donors must carry a card showing their willingness to donate at all times.\u202f Likewise, there is no list of objectors.<\/p>\n<p><strong>Organs that can be donated:<\/strong>\u202fheart, lungs, liver, kidneys, pancreas and intestines.<br \/><strong>You can donate the following tissues:<\/strong> cornea and sclera of the eyes, heart valves, skin, blood vessels, bone, cartilage and soft tissue, and tissue obtained from the pancreas or liver.<\/p>[\/et_pb_cta][\/et_pb_column][\/et_pb_row][et_pb_row column_structure=&#8221;3_5,1_5,1_5&#8243; _builder_version=&#8221;4.11.2&#8243; _module_preset=&#8221;default&#8221; background_enable_color=&#8221;off&#8221; use_background_color_gradient=&#8221;on&#8221; background_color_gradient_start=&#8221;rgba(255,255,255,0.9)&#8221; background_color_gradient_end=&#8221;rgba(255,255,255,0.9)&#8221; background_enable_image=&#8221;off&#8221; width=&#8221;auto&#8221; module_alignment=&#8221;center&#8221; border_radii=&#8221;off|||20px|20px&#8221; global_colors_info=&#8221;{}&#8221;][et_pb_column type=&#8221;3_5&#8243; _builder_version=&#8221;4.11.1&#8243; _module_preset=&#8221;default&#8221; global_colors_info=&#8221;{}&#8221;][et_pb_text _builder_version=&#8221;4.13.1&#8243; _module_preset=&#8221;default&#8221; custom_margin=&#8221;|20px||20px|false|false&#8221; global_colors_info=&#8221;{}&#8221;]<p><strong>National laws on organ donation<\/strong><\/p>[\/et_pb_text][\/et_pb_column][et_pb_column type=&#8221;1_5&#8243; _builder_version=&#8221;4.11.1&#8243; _module_preset=&#8221;default&#8221; global_colors_info=&#8221;{}&#8221;][et_pb_button button_url=&#8221;https:\/\/www.efod.eu\/wp-content\/uploads\/2021\/11\/Legislazione-Germania-ENG.pdf&#8221; url_new_window=&#8221;on&#8221; button_text=&#8221;Laws (EN)&#8221; button_alignment=&#8221;center&#8221; admin_label=&#8221;PULSANTE DEMO&#8221; _builder_version=&#8221;4.13.1&#8243; _module_preset=&#8221;default&#8221; custom_button=&#8221;on&#8221; button_text_color=&#8221;#FFFFFF&#8221; button_bg_color=&#8221;#213b7c&#8221; button_border_width=&#8221;0px&#8221; button_border_radius=&#8221;5px&#8221; button_use_icon=&#8221;off&#8221; global_colors_info=&#8221;{}&#8221; button_bg_color__hover_enabled=&#8221;on|hover&#8221; button_bg_color__hover=&#8221;#cc1420&#8243; button_bg_enable_color__hover=&#8221;on&#8221;][\/et_pb_button][\/et_pb_column][et_pb_column type=&#8221;1_5&#8243; _builder_version=&#8221;4.11.1&#8243; _module_preset=&#8221;default&#8221; global_colors_info=&#8221;{}&#8221;][et_pb_button button_url=&#8221;https:\/\/www.efod.eu\/wp-content\/uploads\/2021\/11\/Legislazione-Gemania.pdf&#8221; url_new_window=&#8221;on&#8221; button_text=&#8221;Laws (DE)&#8221; button_alignment=&#8221;center&#8221; admin_label=&#8221;PULSANTE DEMO&#8221; _builder_version=&#8221;4.13.1&#8243; _module_preset=&#8221;default&#8221; custom_button=&#8221;on&#8221; button_text_color=&#8221;#FFFFFF&#8221; button_bg_color=&#8221;#213b7c&#8221; button_border_width=&#8221;0px&#8221; button_border_radius=&#8221;5px&#8221; button_use_icon=&#8221;off&#8221; global_colors_info=&#8221;{}&#8221; button_bg_color__hover_enabled=&#8221;on|hover&#8221; button_bg_color__hover=&#8221;#cc1420&#8243; button_bg_enable_color__hover=&#8221;on&#8221;][\/et_pb_button][\/et_pb_column][\/et_pb_row][\/et_pb_section][et_pb_section fb_built=&#8221;1&#8243; fullwidth=&#8221;on&#8221; next_background_color=&#8221;#e3e3e8&#8243; admin_label=&#8221;Section&#8221; _builder_version=&#8221;4.11.2&#8243; bottom_divider_style=&#8221;clouds2&#8243; global_colors_info=&#8221;{}&#8221;][et_pb_fullwidth_image src=&#8221;https:\/\/www.efod.eu\/wp-content\/uploads\/2021\/10\/heart-web.png&#8221; alt=&#8221;cuore&#8221; title_text=&#8221;heart-web&#8221; _builder_version=&#8221;4.11.2&#8243; global_colors_info=&#8221;{}&#8221;][\/et_pb_fullwidth_image][\/et_pb_section][et_pb_section fb_built=&#8221;1&#8243; admin_label=&#8221;Events&#8221; _builder_version=&#8221;3.22&#8243; background_color=&#8221;#e3e3e8&#8243; use_background_color_gradient=&#8221;on&#8221; background_color_gradient_start=&#8221;#e3e3e8&#8243; background_color_gradient_end=&#8221;#ffffff&#8221; background_color_gradient_overlays_image=&#8221;on&#8221; background_size=&#8221;initial&#8221; background_position=&#8221;top_center&#8221; custom_padding=&#8221;|||&#8221; global_colors_info=&#8221;{}&#8221;][et_pb_row admin_label=&#8221;Title Row&#8221; _builder_version=&#8221;3.25&#8243; locked=&#8221;off&#8221; global_colors_info=&#8221;{}&#8221;][et_pb_column type=&#8221;4_4&#8243; _builder_version=&#8221;3.25&#8243; custom_padding=&#8221;|||&#8221; global_colors_info=&#8221;{}&#8221; custom_padding__hover=&#8221;|||&#8221;][et_pb_text _builder_version=&#8221;4.13.1&#8243; text_font=&#8221;Rubik|500|||||||&#8221; text_font_size=&#8221;16px&#8221; text_line_height=&#8221;2em&#8221; header_font=&#8221;||||||||&#8221; header_2_font=&#8221;Rubik|700|||||||&#8221; header_2_font_size=&#8221;40px&#8221; header_2_line_height=&#8221;1.4em&#8221; header_5_font=&#8221;Rubik|700||on|||||&#8221; header_5_text_color=&#8221;#2b76df&#8221; header_5_letter_spacing=&#8221;5px&#8221; header_5_line_height=&#8221;1.5em&#8221; background_color=&#8221;RGBA(0,0,0,0)&#8221; text_orientation=&#8221;center&#8221; max_width=&#8221;700px&#8221; module_alignment=&#8221;center&#8221; custom_margin=&#8221;|||&#8221; custom_margin_tablet=&#8221;0px|||&#8221; custom_margin_last_edited=&#8221;off|desktop&#8221; text_line_height_last_edited=&#8221;off|desktop&#8221; header_2_font_size_tablet=&#8221;&#8221; header_2_font_size_phone=&#8221;30px&#8221; header_2_font_size_last_edited=&#8221;on|phone&#8221; global_colors_info=&#8221;{}&#8221;]<h2>Organizations and contacts<\/h2>[\/et_pb_text][\/et_pb_column][\/et_pb_row][et_pb_row column_structure=&#8221;1_3,1_3,1_3&#8243; padding_top_bottom_link_1=&#8221;true&#8221; padding_top_bottom_link_2=&#8221;true&#8221; padding_top_bottom_link_3=&#8221;true&#8221; padding_left_right_link_1=&#8221;true&#8221; padding_left_right_link_2=&#8221;true&#8221; padding_left_right_link_3=&#8221;true&#8221; admin_label=&#8221;Events Row&#8221; _builder_version=&#8221;4.11.1&#8243; custom_padding=&#8221;|||&#8221; animation_style=&#8221;fade&#8221; locked=&#8221;off&#8221; global_colors_info=&#8221;{}&#8221;][et_pb_column type=&#8221;1_3&#8243; _builder_version=&#8221;4.11.1&#8243; background_color=&#8221;RGBA(0,0,0,0)&#8221; custom_padding=&#8221;30px|20px|30px|20px&#8221; global_colors_info=&#8221;{}&#8221; custom_padding__hover=&#8221;|||&#8221;][et_pb_image src=&#8221;https:\/\/www.efod.eu\/wp-content\/uploads\/2021\/11\/2560px-DSO.svg_-1.png&#8221; alt=&#8221;Logo BMSGPK&#8221; title_text=&#8221;2560px-DSO.svg&#8221; url=&#8221;https:\/\/dso.de\/&#8221; url_new_window=&#8221;on&#8221; align=&#8221;center&#8221; _builder_version=&#8221;4.13.0&#8243; _module_preset=&#8221;default&#8221; max_height=&#8221;200px&#8221; global_colors_info=&#8221;{}&#8221;][\/et_pb_image][\/et_pb_column][et_pb_column type=&#8221;1_3&#8243; _builder_version=&#8221;4.11.1&#8243; background_color=&#8221;RGBA(0,0,0,0)&#8221; custom_padding=&#8221;30px|20px|30px|20px&#8221; global_colors_info=&#8221;{}&#8221; custom_padding__hover=&#8221;|||&#8221;][et_pb_image src=&#8221;https:\/\/www.efod.eu\/wp-content\/uploads\/2021\/11\/logo-bzga.jpg&#8221; alt=&#8221;Logo Goeg&#8221; title_text=&#8221;logo-bzga&#8221; url=&#8221;https:\/\/www.bzga.de\/home\/bzga\/&#8221; url_new_window=&#8221;on&#8221; align=&#8221;center&#8221; _builder_version=&#8221;4.13.0&#8243; _module_preset=&#8221;default&#8221; max_height=&#8221;200px&#8221; global_colors_info=&#8221;{}&#8221;][\/et_pb_image][\/et_pb_column][et_pb_column type=&#8221;1_3&#8243; _builder_version=&#8221;4.11.1&#8243; background_color=&#8221;RGBA(0,0,0,0)&#8221; custom_padding=&#8221;30px|20px|30px|20px&#8221; global_colors_info=&#8221;{}&#8221; custom_padding__hover=&#8221;|||&#8221;][et_pb_image src=&#8221;https:\/\/www.efod.eu\/wp-content\/uploads\/2021\/10\/eurotrasplant.png&#8221; alt=&#8221;Eurotrasplant&#8221; title_text=&#8221;eurotrasplant&#8221; url=&#8221;https:\/\/www.eurotransplant.org\/&#8221; url_new_window=&#8221;on&#8221; align=&#8221;center&#8221; _builder_version=&#8221;4.13.0&#8243; _module_preset=&#8221;default&#8221; max_height=&#8221;200px&#8221; global_colors_info=&#8221;{}&#8221;][\/et_pb_image][\/et_pb_column][\/et_pb_row][\/et_pb_section]\n","protected":false},"excerpt":{"rendered":"<p>National legislation on organ donationMain law references Organ and tissue donation, is regulated and authorized by both living and deceased donors.\u202f\u202f The principal laws are: Gesetz \u00fcber die Spende, Entnahme und \u00dcbertragung von Organen und Geweben (Transplantationsgesetz &#8211; TPG)\u202fdel 05.11.1997 Gesetz\u202fzur\u202fRegelung\u202fdes\u202fTransfusionswesens\u202f(Transfusionsgesetz\u202f- TFG)\u202fdel 01.07.1998 Gesetz \u00fcber Qualit\u00e4t und Sicherheit von menschlichen Geweben und Zellen (Gewebegesetz)\u202fdel 20\/07\/2007 [&hellip;]<\/p>\n","protected":false},"author":1,"featured_media":0,"parent":0,"menu_order":0,"comment_status":"closed","ping_status":"closed","template":"","meta":{"_et_pb_use_builder":"on","_et_pb_old_content":"<!-- wp:paragraph -->\n<p>This is an example page. It's different from a blog post because it will stay in one place and will show up in your site navigation (in most themes). Most people start with an About page that introduces them to potential site visitors. It might say something like this:<\/p>\n<!-- \/wp:paragraph -->\n\n<!-- wp:quote -->\n<blockquote class=\"wp-block-quote\"><p>Hi there! I'm a bike messenger by day, aspiring actor by night, and this is my website. I live in Los Angeles, have a great dog named Jack, and I like pi\u00f1a coladas. (And gettin' caught in the rain.)<\/p><\/blockquote>\n<!-- \/wp:quote -->\n\n<!-- wp:paragraph -->\n<p>...or something like this:<\/p>\n<!-- \/wp:paragraph -->\n\n<!-- wp:quote -->\n<blockquote class=\"wp-block-quote\"><p>The XYZ Doohickey Company was founded in 1971, and has been providing quality doohickeys to the public ever since. Located in Gotham City, XYZ employs over 2,000 people and does all kinds of awesome things for the Gotham community.<\/p><\/blockquote>\n<!-- \/wp:quote -->\n\n<!-- wp:paragraph -->\n<p>As a new WordPress user, you should go to <a href=\"http:\/\/efod.eu\/wp-admin\/\">your dashboard<\/a> to delete this page and create new pages for your content. Have fun!<\/p>\n<!-- \/wp:paragraph -->","_et_gb_content_width":"","footnotes":""},"class_list":["post-1301","page","type-page","status-publish","hentry"],"aioseo_notices":[],"_links":{"self":[{"href":"https:\/\/www.efod.eu\/en\/wp-json\/wp\/v2\/pages\/1301","targetHints":{"allow":["GET"]}}],"collection":[{"href":"https:\/\/www.efod.eu\/en\/wp-json\/wp\/v2\/pages"}],"about":[{"href":"https:\/\/www.efod.eu\/en\/wp-json\/wp\/v2\/types\/page"}],"author":[{"embeddable":true,"href":"https:\/\/www.efod.eu\/en\/wp-json\/wp\/v2\/users\/1"}],"replies":[{"embeddable":true,"href":"https:\/\/www.efod.eu\/en\/wp-json\/wp\/v2\/comments?post=1301"}],"version-history":[{"count":21,"href":"https:\/\/www.efod.eu\/en\/wp-json\/wp\/v2\/pages\/1301\/revisions"}],"predecessor-version":[{"id":1784,"href":"https:\/\/www.efod.eu\/en\/wp-json\/wp\/v2\/pages\/1301\/revisions\/1784"}],"wp:attachment":[{"href":"https:\/\/www.efod.eu\/en\/wp-json\/wp\/v2\/media?parent=1301"}],"curies":[{"name":"wp","href":"https:\/\/api.w.org\/{rel}","templated":true}]}}