{"id":1957,"date":"2022-05-27T13:00:27","date_gmt":"2022-05-27T13:00:27","guid":{"rendered":"https:\/\/www.efod.eu\/?page_id=1957"},"modified":"2022-05-27T14:50:00","modified_gmt":"2022-05-27T14:50:00","slug":"federation","status":"publish","type":"page","link":"https:\/\/www.efod.eu\/en\/federation\/","title":{"rendered":"Federation"},"content":{"rendered":"<p>[et_pb_section fb_built=&#8221;1&#8243; fullwidth=&#8221;on&#8221; admin_label=&#8221;Hero&#8221; _builder_version=&#8221;4.17.3&#8243; use_background_color_gradient=&#8221;on&#8221; background_color_gradient_direction=&#8221;90deg&#8221; background_color_gradient_stops=&#8221;#eeeff2 33%|rgba(238,239,242,0) 52%&#8221; background_color_gradient_overlays_image=&#8221;on&#8221; background_color_gradient_start=&#8221;#eeeff2&#8243; background_color_gradient_start_position=&#8221;33%&#8221; background_color_gradient_end=&#8221;rgba(238,239,242,0)&#8221; background_color_gradient_end_position=&#8221;52%&#8221; background_image=&#8221;https:\/\/www.efod.eu\/wp-content\/uploads\/2022\/05\/costituzione.jpg&#8221; global_colors_info=&#8221;{}&#8221;][et_pb_fullwidth_header subhead=&#8221;Federation&#8221; content_max_width=&#8221;600px&#8221; _builder_version=&#8221;4.17.3&#8243; title_font=&#8221;Rubik|700||on|||||&#8221; title_text_color=&#8221;#ff7355&#8243; title_font_size=&#8221;16px&#8221; title_letter_spacing=&#8221;5px&#8221; title_line_height=&#8221;0.5em&#8221; content_font=&#8221;Rubik||||||||&#8221; content_font_size=&#8221;18px&#8221; subhead_font=&#8221;Rubik|700|||||||&#8221; subhead_text_color=&#8221;rgba(0,0,0,0.8)&#8221; subhead_font_size=&#8221;50px&#8221; subhead_line_height=&#8221;1.5em&#8221; background_color=&#8221;rgba(255,255,255,0)&#8221; use_background_color_gradient=&#8221;on&#8221; background_color_gradient_stops=&#8221;rgba(255,255,255,0) 50%|rgba(255,255,255,0.7) 100%&#8221; background_color_gradient_start=&#8221;rgba(255,255,255,0)&#8221; background_color_gradient_start_position=&#8221;50%&#8221; background_color_gradient_end=&#8221;rgba(255,255,255,0.7)&#8221; background_size=&#8221;contain&#8221; background_position=&#8221;bottom_center&#8221; custom_button_one=&#8221;on&#8221; button_one_text_size=&#8221;16px&#8221; button_one_text_color=&#8221;#ffffff&#8221; button_one_bg_color=&#8221;#ff7355&#8243; button_one_border_width=&#8221;15px&#8221; button_one_border_color=&#8221;rgba(210,159,104,0)&#8221; button_one_border_radius=&#8221;100px&#8221; button_one_letter_spacing=&#8221;0px&#8221; button_one_font=&#8221;Rubik|700|||||||&#8221; button_one_use_icon=&#8221;off&#8221; custom_button_two=&#8221;on&#8221; button_two_text_size=&#8221;16px&#8221; button_two_text_color=&#8221;#ffffff&#8221; button_two_bg_color=&#8221;rgba(0,0,0,0.6)&#8221; button_two_border_width=&#8221;15px&#8221; button_two_border_color=&#8221;rgba(210,159,104,0)&#8221; button_two_border_radius=&#8221;100px&#8221; button_two_letter_spacing=&#8221;0px&#8221; button_two_font=&#8221;Rubik|700|||||||&#8221; button_two_use_icon=&#8221;off&#8221; background_layout=&#8221;light&#8221; max_width_last_edited=&#8221;off|desktop&#8221; module_alignment=&#8221;center&#8221; min_height=&#8221;352.9px&#8221; custom_margin=&#8221;|||&#8221; custom_padding=&#8221;8vw||4vw|&#8221; hover_enabled=&#8221;0&#8243; subhead_font_size_tablet=&#8221;&#8221; subhead_font_size_phone=&#8221;30px&#8221; subhead_font_size_last_edited=&#8221;on|phone&#8221; button_one_border_radius_hover=&#8221;100px&#8221; button_two_border_radius_hover=&#8221;100px&#8221; button_one_bg_color_hover=&#8221;#ff8a70&#8243; button_two_bg_color_hover=&#8221;#ff8a70&#8243; global_colors_info=&#8221;{}&#8221; button_one_text_size__hover_enabled=&#8221;off&#8221; button_two_text_size__hover_enabled=&#8221;off&#8221; button_one_text_color__hover_enabled=&#8221;off&#8221; button_two_text_color__hover_enabled=&#8221;off&#8221; button_one_border_width__hover_enabled=&#8221;off&#8221; button_two_border_width__hover_enabled=&#8221;off&#8221; button_one_border_color__hover_enabled=&#8221;off&#8221; button_two_border_color__hover_enabled=&#8221;off&#8221; button_one_border_radius__hover_enabled=&#8221;on&#8221; button_one_border_radius__hover=&#8221;100px&#8221; button_two_border_radius__hover_enabled=&#8221;on&#8221; button_two_border_radius__hover=&#8221;100px&#8221; button_one_letter_spacing__hover_enabled=&#8221;off&#8221; button_two_letter_spacing__hover_enabled=&#8221;off&#8221; button_one_bg_color__hover_enabled=&#8221;on&#8221; button_one_bg_color__hover=&#8221;#ff8a70&#8243; button_two_bg_color__hover_enabled=&#8221;on&#8221; button_two_bg_color__hover=&#8221;#ff8a70&#8243; sticky_enabled=&#8221;0&#8243;][\/et_pb_fullwidth_header][\/et_pb_section][et_pb_section fb_built=&#8221;1&#8243; background_color_gradient_end_1=&#8221;#c7cbd4&#8243; admin_label=&#8221;Principle Quote&#8221; _builder_version=&#8221;4.16&#8243; custom_padding=&#8221;0|0px|0|0px|false|false&#8221; locked=&#8221;off&#8221; collapsed=&#8221;off&#8221; global_colors_info=&#8221;{}&#8221;][et_pb_row _builder_version=&#8221;4.16&#8243; _module_preset=&#8221;default&#8221; global_colors_info=&#8221;{}&#8221;][et_pb_column type=&#8221;4_4&#8243; _builder_version=&#8221;4.16&#8243; _module_preset=&#8221;default&#8221; global_colors_info=&#8221;{}&#8221;][et_pb_text _builder_version=&#8221;4.17.3&#8243; _module_preset=&#8221;default&#8221; global_colors_info=&#8221;{}&#8221;]<\/p>\n<p>Si \u00e8 costituita la <strong>Federazione Europea per la Donazione degli Organi<\/strong>.<br \/>Di seguito potete <strong>consultare gli Statuti<\/strong> in lingua italiana, inglese e francese.<\/p>\n<p>The <strong>European Federation for Organ Donation<\/strong> has been constituted.<br \/>Below you will be able to <strong>consult the Statutes<\/strong> in Italian, English and French language.<\/p>\n<p>La <strong>F\u00e9d\u00e9ration Europ\u00e9enne pour le Don d&#8217;Organes<\/strong> s&#8217;est constitu\u00e9.<br \/>Vous pouvez <strong>consulter les Statuts<\/strong> ci-dessous en langue Italienne, Anglaise et Fran\u00e7aise.<\/p>\n<p>[\/et_pb_text][\/et_pb_column][\/et_pb_row][et_pb_row column_structure=&#8221;1_3,1_3,1_3&#8243; _builder_version=&#8221;4.17.3&#8243; _module_preset=&#8221;default&#8221; global_colors_info=&#8221;{}&#8221;][et_pb_column type=&#8221;1_3&#8243; _builder_version=&#8221;4.17.3&#8243; _module_preset=&#8221;default&#8221; global_colors_info=&#8221;{}&#8221;][et_pb_button button_url=&#8221;https:\/\/www.efod.eu\/wp-content\/uploads\/2022\/05\/STATUTO-EFOD.pdf&#8221; url_new_window=&#8221;on&#8221; button_text=&#8221;Scarica lo statuto (ITA)&#8221; button_alignment=&#8221;center&#8221; admin_label=&#8221;PULSANTE DEMO&#8221; _builder_version=&#8221;4.17.3&#8243; _module_preset=&#8221;default&#8221; custom_button=&#8221;on&#8221; button_text_color=&#8221;#FFFFFF&#8221; button_bg_color=&#8221;#474747&#8243; button_border_width=&#8221;0px&#8221; button_border_radius=&#8221;5px&#8221; custom_margin=&#8221;50px||||false|false&#8221; global_colors_info=&#8221;{}&#8221; button_bg_color__hover_enabled=&#8221;on|hover&#8221; button_bg_color__hover=&#8221;#cc1420&#8243; button_bg_enable_color__hover=&#8221;on&#8221;][\/et_pb_button][\/et_pb_column][et_pb_column type=&#8221;1_3&#8243; _builder_version=&#8221;4.17.3&#8243; _module_preset=&#8221;default&#8221; global_colors_info=&#8221;{}&#8221;][et_pb_button button_url=&#8221;https:\/\/www.efod.eu\/wp-content\/uploads\/2022\/05\/22_05_18_STATUTO_EFOD_EN.pdf&#8221; url_new_window=&#8221;on&#8221; button_text=&#8221;Download the statute (ENG)&#8221; button_alignment=&#8221;center&#8221; admin_label=&#8221;PULSANTE DEMO&#8221; _builder_version=&#8221;4.17.3&#8243; _module_preset=&#8221;default&#8221; custom_button=&#8221;on&#8221; button_text_color=&#8221;#FFFFFF&#8221; button_bg_color=&#8221;#474747&#8243; button_border_width=&#8221;0px&#8221; button_border_radius=&#8221;5px&#8221; custom_margin=&#8221;50px||||false|false&#8221; global_colors_info=&#8221;{}&#8221; button_bg_color__hover_enabled=&#8221;on|hover&#8221; button_bg_color__hover=&#8221;#cc1420&#8243; button_bg_enable_color__hover=&#8221;on&#8221;][\/et_pb_button][\/et_pb_column][et_pb_column type=&#8221;1_3&#8243; _builder_version=&#8221;4.17.3&#8243; _module_preset=&#8221;default&#8221; global_colors_info=&#8221;{}&#8221;][et_pb_button button_url=&#8221;https:\/\/www.efod.eu\/wp-content\/uploads\/2022\/05\/22_05_18_STATUTO_EFOD_FR.pdf&#8221; url_new_window=&#8221;on&#8221; button_text=&#8221;T\u00e9l\u00e9charger le statut (FRA)&#8221; button_alignment=&#8221;center&#8221; admin_label=&#8221;PULSANTE DEMO&#8221; _builder_version=&#8221;4.17.3&#8243; _module_preset=&#8221;default&#8221; custom_button=&#8221;on&#8221; button_text_color=&#8221;#FFFFFF&#8221; button_bg_color=&#8221;#474747&#8243; button_border_width=&#8221;0px&#8221; button_border_radius=&#8221;5px&#8221; custom_margin=&#8221;50px||||false|false&#8221; global_colors_info=&#8221;{}&#8221; button_bg_color__hover_enabled=&#8221;on|hover&#8221; button_bg_color__hover=&#8221;#cc1420&#8243; button_bg_enable_color__hover=&#8221;on&#8221;][\/et_pb_button][\/et_pb_column][\/et_pb_row][\/et_pb_section]<\/p>\n","protected":false},"excerpt":{"rendered":"<p>Si \u00e8 costituita la Federazione Europea per la Donazione degli Organi.Di seguito potete consultare gli Statuti in lingua italiana, inglese e francese. The European Federation for Organ Donation has been constituted.Below you will be able to consult the Statutes in Italian, English and French language. La F\u00e9d\u00e9ration Europ\u00e9enne pour le Don d&#8217;Organes s&#8217;est constitu\u00e9.Vous pouvez [&hellip;]<\/p>\n","protected":false},"author":1,"featured_media":0,"parent":0,"menu_order":0,"comment_status":"closed","ping_status":"closed","template":"","meta":{"_et_pb_use_builder":"on","_et_pb_old_content":"","_et_gb_content_width":"","footnotes":""},"class_list":["post-1957","page","type-page","status-publish","hentry"],"aioseo_notices":[],"_links":{"self":[{"href":"https:\/\/www.efod.eu\/en\/wp-json\/wp\/v2\/pages\/1957","targetHints":{"allow":["GET"]}}],"collection":[{"href":"https:\/\/www.efod.eu\/en\/wp-json\/wp\/v2\/pages"}],"about":[{"href":"https:\/\/www.efod.eu\/en\/wp-json\/wp\/v2\/types\/page"}],"author":[{"embeddable":true,"href":"https:\/\/www.efod.eu\/en\/wp-json\/wp\/v2\/users\/1"}],"replies":[{"embeddable":true,"href":"https:\/\/www.efod.eu\/en\/wp-json\/wp\/v2\/comments?post=1957"}],"version-history":[{"count":6,"href":"https:\/\/www.efod.eu\/en\/wp-json\/wp\/v2\/pages\/1957\/revisions"}],"predecessor-version":[{"id":1984,"href":"https:\/\/www.efod.eu\/en\/wp-json\/wp\/v2\/pages\/1957\/revisions\/1984"}],"wp:attachment":[{"href":"https:\/\/www.efod.eu\/en\/wp-json\/wp\/v2\/media?parent=1957"}],"curies":[{"name":"wp","href":"https:\/\/api.w.org\/{rel}","templated":true}]}}